{"id":23,"date":"2015-03-30T16:23:19","date_gmt":"2015-03-30T16:23:19","guid":{"rendered":"http:\/\/demo.themeskingdom.com\/huntt\/?page_id=12"},"modified":"2017-05-21T07:17:55","modified_gmt":"2017-05-21T07:17:55","slug":"biyografi","status":"publish","type":"page","link":"https:\/\/berkanbaycan.com\/en\/biyografi\/","title":{"rendered":"Biography"},"content":{"rendered":"<p>[vc_row][vc_column][vc_column_text]<img loading=\"lazy\" class=\"alignleft wp-image-709\" src=\"http:\/\/berkanbaycan.com\/wp-content\/uploads\/2017\/05\/berkanBaycan-213x300.jpg\" alt=\"\" width=\"320\" height=\"450\" srcset=\"https:\/\/berkanbaycan.com\/wp-content\/uploads\/2017\/05\/berkanBaycan-213x300.jpg 213w, https:\/\/berkanbaycan.com\/wp-content\/uploads\/2017\/05\/berkanBaycan-768x1081.jpg 768w, https:\/\/berkanbaycan.com\/wp-content\/uploads\/2017\/05\/berkanBaycan-728x1024.jpg 728w, https:\/\/berkanbaycan.com\/wp-content\/uploads\/2017\/05\/berkanBaycan-470x661.jpg 470w, https:\/\/berkanbaycan.com\/wp-content\/uploads\/2017\/05\/berkanBaycan-285x401.jpg 285w, https:\/\/berkanbaycan.com\/wp-content\/uploads\/2017\/05\/berkanBaycan.jpg 860w\" sizes=\"(max-width: 320px) 100vw, 320px\" \/>1983 y\u0131l\u0131nda Do\u011fu Beyaz\u0131t\u2019ta do\u011fan Berkan Baycan, \u00e7ocuklu\u011funu antik uygarl\u0131klar\u0131n ve mitolojinin do\u011fdu\u011fu Anadolu ve Mezopotamya kentlerinde ge\u00e7irir. Babas\u0131yla \u00e7\u0131kt\u0131\u011f\u0131 yolculuklarda g\u00f6rd\u00fc\u011f\u00fc antik uygarl\u0131klara ait izlerden derinden etkilenir.<\/p>\n<p>Sanat ya\u015fam\u0131, \u00e7izimlerindeki farkl\u0131l\u0131\u011f\u0131 g\u00f6ren annesinin bir g\u00fcn eve getirdi\u011fi resim malzemeleriyle tan\u0131\u015fmas\u0131yla ba\u015flayan Baycan, e\u011fitimine ba\u015flamak i\u00e7in ailesiyle birlikte \u0130stanbul\u2019a yerle\u015fir. Bu yeni d\u00fcnyada y\u0131ld\u0131zlar yerine kentin \u0131\u015f\u0131klar\u0131, da\u011flar yerine y\u00fcksek binalar vard\u0131r. Ortaokul ve lise y\u0131llar\u0131n\u0131 karikat\u00fcr \u00e7izerek ge\u00e7irir, Bursa \u00dcniversitesi\u2019nde Maliye B\u00f6l\u00fcm\u00fc\u2019nde lisans e\u011fitimini tamamlar. Mimarl\u0131k e\u011fitimi alan \u00fcniversite arkada\u015flar\u0131n\u0131n \u00e7al\u0131\u015fmalar\u0131na dahil olarak tasar\u0131m\u00a0 ve sanat fikirleriyle ilgilenmeye devam eder.<\/p>\n<p>Lisans e\u011fitimini tamamlad\u0131ktan sonra Londra\u2019ya yerle\u015fen Baycan, ilk kez g\u00f6rd\u00fc\u011f\u00fc \u00e7a\u011fda\u015f sanat eserleri kar\u015f\u0131s\u0131nda adeta b\u00fcy\u00fclenir. Michelangelo ve Rembrandt gibi d\u00fcnya sanat tarihinin b\u00fcy\u00fck sanat\u00e7\u0131lar\u0131 taraf\u0131ndan \u00fcretilen i\u015fleri yak\u0131ndan g\u00f6rmek, sanata kar\u015f\u0131 olan tutkusunu peki\u015ftirir.<\/p>\n<p>Son on y\u0131lda kendine ait bir dil ve bi\u00e7em aray\u0131\u015f\u0131nda olan Baycan, bir g\u00fcn r\u00fcyas\u0131nda kendisini Anka Ku\u015fu\u2019nun kanad\u0131nda, bilmedi\u011fi bir \u015fehrin \u00fczerinde gece karanl\u0131\u011f\u0131nda u\u00e7arken g\u00f6r\u00fcr. Ku\u015fun kanatlar\u0131ndan a\u015fa\u011f\u0131ya bakt\u0131\u011f\u0131nda \u015fehrin \u0131\u015f\u0131klar\u0131 nokta \u015feklindedir. Uyand\u0131\u011f\u0131nda hayal etti\u011fi antik \u015fehirleri art\u0131k nas\u0131l \u00e7izece\u011fini biliyordur. Belle\u011findeki \u00e7ocukluk anlar\u0131n\u0131 \u0131\u015f\u0131kl\u0131 formlara d\u00f6n\u00fc\u015ft\u00fcrerek tuval \u00fczerinde \u00e7al\u0131\u015fan Baycan, i\u015flerini Puantilist teknik kullanarak \u00fcretmeye ba\u015flar.<\/p>\n<p>Uzamda nas\u0131l her boyut bir noktayla ba\u015fl\u0131yorsa Baycan\u2019\u0131n eserleri de noktan\u0131n kullan\u0131lmas\u0131 ve yay\u0131lmas\u0131yla ba\u015flar ve \u00fczerinde \u00e7al\u0131\u015ft\u0131\u011f\u0131 tuvalin y\u00f6nlerini belirler. Form aray\u0131\u015f\u0131ndan uzakta, \u00e7izgisel bir yakla\u015f\u0131mla olu\u015fturdu\u011fu antik kentler ve g\u00f6ky\u00fcz\u00fcnde u\u00e7an mitolojik ku\u015flar onun imge evrenini olu\u015fturur. Noktalar\u0131n yaratt\u0131\u011f\u0131 tematik teknik Berkan Baycan\u2019a \u00f6zg\u00fc bir estetik dil ortaya \u00e7\u0131kar\u0131r. Sanat\u00e7\u0131 b\u00f6ylelikle, belle\u011fin in\u015fas\u0131, arketipleri \u015fimdiye ta\u015f\u0131ma ve noktalama y\u00f6ntemiyle yeni bir uzam ilkesi yarat\u0131r.[\/vc_column_text][\/vc_column][\/vc_row]<\/p>\n","protected":false},"excerpt":{"rendered":"<p>[vc_row][vc_column][vc_column_text]1983 y\u0131l\u0131nda Do\u011fu Beyaz\u0131t\u2019ta do\u011fan Berkan Baycan, \u00e7ocuklu\u011funu antik uygarl\u0131klar\u0131n ve mitolojinin do\u011fdu\u011fu Anadolu ve Mezopotamya kentlerinde ge\u00e7irir. Babas\u0131yla \u00e7\u0131kt\u0131\u011f\u0131 yolculuklarda g\u00f6rd\u00fc\u011f\u00fc antik uygarl\u0131klara ait izlerden derinden etkilenir. Sanat ya\u015fam\u0131, \u00e7izimlerindeki farkl\u0131l\u0131\u011f\u0131 g\u00f6ren annesinin bir g\u00fcn eve getirdi\u011fi resim malzemeleriyle tan\u0131\u015fmas\u0131yla ba\u015flayan Baycan, e\u011fitimine ba\u015flamak i\u00e7in ailesiyle birlikte \u0130stanbul\u2019a yerle\u015fir. Bu yeni d\u00fcnyada y\u0131ld\u0131zlar yerine [&hellip;]<\/p>\n","protected":false},"author":5,"featured_media":0,"parent":0,"menu_order":0,"comment_status":"closed","ping_status":"closed","template":"","meta":[],"_links":{"self":[{"href":"https:\/\/berkanbaycan.com\/en\/wp-json\/wp\/v2\/pages\/23"}],"collection":[{"href":"https:\/\/berkanbaycan.com\/en\/wp-json\/wp\/v2\/pages"}],"about":[{"href":"https:\/\/berkanbaycan.com\/en\/wp-json\/wp\/v2\/types\/page"}],"author":[{"embeddable":true,"href":"https:\/\/berkanbaycan.com\/en\/wp-json\/wp\/v2\/users\/5"}],"replies":[{"embeddable":true,"href":"https:\/\/berkanbaycan.com\/en\/wp-json\/wp\/v2\/comments?post=23"}],"version-history":[{"count":24,"href":"https:\/\/berkanbaycan.com\/en\/wp-json\/wp\/v2\/pages\/23\/revisions"}],"predecessor-version":[{"id":829,"href":"https:\/\/berkanbaycan.com\/en\/wp-json\/wp\/v2\/pages\/23\/revisions\/829"}],"wp:attachment":[{"href":"https:\/\/berkanbaycan.com\/en\/wp-json\/wp\/v2\/media?parent=23"}],"curies":[{"name":"wp","href":"https:\/\/api.w.org\/{rel}","templated":true}]}}